{"id":63,"date":"2019-07-16T11:50:13","date_gmt":"2019-07-16T11:50:13","guid":{"rendered":"http:\/\/rgla.at\/?page_id=63"},"modified":"2022-06-23T02:42:31","modified_gmt":"2022-06-23T02:42:31","slug":"grossbeamte-grand-officers","status":"publish","type":"page","link":"http:\/\/rgla.at\/?page_id=63","title":{"rendered":"Gro\u00dfbeamte \/ Grand Officers"},"content":{"rendered":"\n<p>Gro\u00dfmeister \/ Grand Master<br>Vize Gro\u00dfmeister f\u00fcr Innere Angelegenheiten \/ Deputy Grand Master Internal Affairs<br>Vize Gro\u00dfmeister f\u00fcr \u00c4u\u00dfere Angelegenheiten \/ Deputy Grand Master Foreign Affairs<br>1. Gro\u00dfaufseher \/ Senior Grand Warden<br>2. Gro\u00dfaufseher \/ Junior Grand Warden<br>Gro\u00dfsekret\u00e4r \/ Grand Secretary<br>Gro\u00dfkanzler \/ Grand Chancellor<br>Gro\u00dfredner \/ Grand Orator<br>Gro\u00dfexperte \/ Grand Expert<br>Gro\u00dfschatzmeister \/ Grand Treasurer<br>Gro\u00dftorwache \/ Grand Tyler<br>Gro\u00dfzeremonienmeister \/ Grand Master of Ceremonies<br>Gro\u00dfbannertr\u00e4ger \/ Grand Standard Bearer<br>Gro\u00dfschwerttr\u00e4ger \/ Grand Swordbearer<br>Gro\u00dfgabenpfleger \/ Grand Steward<\/p>\n","protected":false},"excerpt":{"rendered":"<p>Gro\u00dfmeister \/ Grand MasterVize Gro\u00dfmeister f\u00fcr Innere Angelegenheiten \/ Deputy Grand Master Internal AffairsVize Gro\u00dfmeister f\u00fcr \u00c4u\u00dfere Angelegenheiten \/ Deputy Grand Master Foreign Affairs1. Gro\u00dfaufseher \/ Senior Grand Warden2. Gro\u00dfaufseher \/ Junior Grand WardenGro\u00dfsekret\u00e4r \/ Grand SecretaryGro\u00dfkanzler \/ Grand ChancellorGro\u00dfredner \/ Grand OratorGro\u00dfexperte \/ Grand ExpertGro\u00dfschatzmeister \/ Grand TreasurerGro\u00dftorwache \/ Grand TylerGro\u00dfzeremonienmeister \/ Grand Master &hellip; <\/p>\n<p class=\"link-more\"><a href=\"http:\/\/rgla.at\/?page_id=63\" class=\"more-link\"><span class=\"screen-reader-text\">\u201eGro\u00dfbeamte \/ Grand Officers\u201c<\/span> weiterlesen<\/a><\/p>\n","protected":false},"author":1,"featured_media":0,"parent":0,"menu_order":0,"comment_status":"closed","ping_status":"closed","template":"","meta":[],"_links":{"self":[{"href":"http:\/\/rgla.at\/index.php?rest_route=\/wp\/v2\/pages\/63"}],"collection":[{"href":"http:\/\/rgla.at\/index.php?rest_route=\/wp\/v2\/pages"}],"about":[{"href":"http:\/\/rgla.at\/index.php?rest_route=\/wp\/v2\/types\/page"}],"author":[{"embeddable":true,"href":"http:\/\/rgla.at\/index.php?rest_route=\/wp\/v2\/users\/1"}],"replies":[{"embeddable":true,"href":"http:\/\/rgla.at\/index.php?rest_route=%2Fwp%2Fv2%2Fcomments&post=63"}],"version-history":[{"count":5,"href":"http:\/\/rgla.at\/index.php?rest_route=\/wp\/v2\/pages\/63\/revisions"}],"predecessor-version":[{"id":362,"href":"http:\/\/rgla.at\/index.php?rest_route=\/wp\/v2\/pages\/63\/revisions\/362"}],"wp:attachment":[{"href":"http:\/\/rgla.at\/index.php?rest_route=%2Fwp%2Fv2%2Fmedia&parent=63"}],"curies":[{"name":"wp","href":"https:\/\/api.w.org\/{rel}","templated":true}]}}